{"id":10,"date":"2024-07-30T14:29:37","date_gmt":"2024-07-30T12:29:37","guid":{"rendered":"https:\/\/www.servicesduweb.fr\/?page_id=10"},"modified":"2026-01-14T15:06:58","modified_gmt":"2026-01-14T14:06:58","slug":"a-propos-de","status":"publish","type":"page","link":"https:\/\/www.servicesduweb.fr\/index.php\/a-propos-de\/","title":{"rendered":"NOS SERVICES"},"content":{"rendered":"\n<figure class=\"wp-block-image has-custom-border\" style=\"margin-top:0;margin-bottom:0\"><img loading=\"lazy\" decoding=\"async\" width=\"1024\" height=\"685\" src=\"http:\/\/www.servicesduweb.fr\/wp-content\/uploads\/2025\/03\/pcCouleurFreelance-1024x685.jpg\" alt=\"webmaster st Raphael\" class=\"wp-image-120\" style=\"border-top-left-radius:9px;border-top-right-radius:9px;border-bottom-left-radius:9px;border-bottom-right-radius:9px;aspect-ratio:16\/9;object-fit:cover\" srcset=\"https:\/\/www.servicesduweb.fr\/wp-content\/uploads\/2025\/03\/pcCouleurFreelance-1024x685.jpg 1024w, https:\/\/www.servicesduweb.fr\/wp-content\/uploads\/2025\/03\/pcCouleurFreelance-300x201.jpg 300w, https:\/\/www.servicesduweb.fr\/wp-content\/uploads\/2025\/03\/pcCouleurFreelance-768x514.jpg 768w, https:\/\/www.servicesduweb.fr\/wp-content\/uploads\/2025\/03\/pcCouleurFreelance.jpg 1280w\" sizes=\"auto, (max-width: 1024px) 100vw, 1024px\" \/><\/figure>\n\n\n\n<div style=\"height:43px\" aria-hidden=\"true\" class=\"wp-block-spacer\"><\/div>\n\n\n\n<h2 class=\"wp-block-heading has-text-align-center has-accent-3-color has-accent-2-darker-background-color has-text-color has-background has-link-color wp-elements-62fc7839dac11345a1415425c770c5f1\" style=\"border-top-left-radius:8px;border-top-right-radius:8px;border-bottom-left-radius:8px;border-bottom-right-radius:8px;margin-top:var(--wp--preset--spacing--40);margin-bottom:var(--wp--preset--spacing--40)\">Votre partenaire unique pour tous vos besoins<\/h2>\n\n\n\n<div class=\"wp-block-group has-accent-3-color has-text-color has-link-color wp-elements-fb80aff573621415a71b66063e28d7b2 is-vertical is-layout-flex wp-container-core-group-is-layout-67710c2e wp-block-group-is-layout-flex\" style=\"margin-top:0;margin-bottom:0;padding-top:0;padding-bottom:0;font-size:clamp(15.747px, 0.984rem + ((1vw - 3.2px) * 0.764), 24px);\">\n<ul class=\"wp-block-list\">\n<li class=\"is-style-check has-accent-3-color has-text-color has-link-color wp-elements-b8b40792bb20b8cc54697573a18e6641\">Elaboration d&#8217;un plan d&#8217;action sur mesure<\/li>\n\n\n\n<li class=\"is-style-check has-accent-3-color has-text-color has-link-color wp-elements-28c0d38383db9e291904e69290a0b594\">La Charte graphique&nbsp;<\/li>\n\n\n\n<li class=\"is-style-check has-accent-3-color has-text-color has-link-color wp-elements-c7016b3134e396b710e3d90825ca789a\">Le choix et la cr\u00e9ation de votre nom de domaine<\/li>\n\n\n\n<li class=\"is-style-check has-accent-3-color has-text-color has-link-color wp-elements-36bd36579407ba4679e5a2ab63d9a71a\">L&#8217;H\u00e9bergement, la mise en service de votre site<\/li>\n\n\n\n<li class=\"is-style-check has-accent-3-color has-text-color has-link-color wp-elements-630e99423d1175591fa4824682b0ee12\">Un site Responsive qui va s&#8217;adapter \u00e0 toutes les tailles d&#8217;\u00e9cran du smartphone en passant par la tablette \u00e0 l&#8217;\u00e9cran d&#8217;ordinateur<\/li>\n<\/ul>\n\n\n\n<div style=\"height:0px\" aria-hidden=\"true\" class=\"wp-block-spacer wp-container-content-84388aca\"><\/div>\n<\/div>\n\n\n\n<div class=\"wp-block-group is-style-shift-left-small has-base-color has-accent-2-background-color has-text-color has-background has-link-color has-small-font-size wp-elements-f9590ec46bf8fca4f54f9f5d9fba1fec is-layout-flow wp-block-group-is-layout-flow\" style=\"border-top-left-radius:30px;border-top-right-radius:30px;border-bottom-left-radius:0px;border-bottom-right-radius:30px;min-height:300px;margin-top:var(--wp--preset--spacing--50);margin-bottom:var(--wp--preset--spacing--50);padding-top:var(--wp--preset--spacing--60);padding-right:var(--wp--preset--spacing--60);padding-bottom:var(--wp--preset--spacing--60);padding-left:var(--wp--preset--spacing--60);font-style:normal;font-weight:700\">\n<div class=\"wp-block-group is-layout-flow wp-container-core-group-is-layout-19eabfb7 wp-block-group-is-layout-flow\">\n<p class=\"has-accent-3-color has-text-color has-link-color has-medium-font-size wp-elements-9b5078b708b42468620345f4e060dc49\">DEVELOPPEMENT<\/p>\n\n\n\n<p class=\"has-accent-3-color has-text-color has-link-color has-medium-font-size wp-elements-30315cd6c1c756ddc53b105db81f6e7c\">D\u00e9veloppement d&#8217;application et de sites Web<\/p>\n\n\n\n<p class=\"has-medium-font-size\">Nous vous guiderons dans votre projet de site internet en utilisant les technologies et les m\u00e9thodes les pertinentes et les plus efficaces :<br>&#8211; D\u00e9veloppement Web ( React js, Vue js, PHP )<br>&#8211; Utilisation et Gestion de CMS ( WordPress )<\/p>\n\n\n\n<p class=\"has-medium-font-size\">Que ce soit un site e-commerce, un site vitrine ou un blog, nous vous accompagnons pour que l\u2019on cr\u00e9\u00e9 ensemble, un site qui vous ressemble et qui comprend toutes les fonctionnalit\u00e9s dont vous avez besoin.<\/p>\n<\/div>\n<\/div>\n\n\n\n<div class=\"wp-block-group is-style-shift-right-small has-base-color has-accent-2-background-color has-text-color has-background has-link-color has-small-font-size wp-elements-f96aa4dde8db2def17645307e1458d0b is-layout-flow wp-block-group-is-layout-flow\" style=\"border-top-left-radius:30px;border-top-right-radius:30px;border-bottom-left-radius:0px;border-bottom-right-radius:30px;min-height:300px;margin-top:var(--wp--preset--spacing--50);margin-bottom:var(--wp--preset--spacing--50);padding-top:var(--wp--preset--spacing--60);padding-right:var(--wp--preset--spacing--60);padding-bottom:var(--wp--preset--spacing--60);padding-left:var(--wp--preset--spacing--60);font-style:normal;font-weight:700\">\n<div class=\"wp-block-group is-layout-flow wp-container-core-group-is-layout-19eabfb7 wp-block-group-is-layout-flow\">\n<p class=\"has-accent-3-color has-text-color has-link-color has-medium-font-size wp-elements-3e94240f2faf441dbb194a66210ac7ff\">REFERENCEMENT <\/p>\n\n\n\n<p class=\"has-accent-3-color has-text-color has-link-color has-medium-font-size wp-elements-e2b5f916e60c2e402ae292ab3bcd7520\">Optimisation structurelle<\/p>\n\n\n\n<p class=\"has-medium-font-size\">Boostez votre visibilit\u00e9<br>Optimisation et maintenance de votre site internet<br>Cr\u00e9ation de contenu de qualit\u00e9, R\u00e9f\u00e9rencement SEO<br>Nous vous assisterons avec comme objectif : G\u00e9n\u00e9rer plus de trafic,<br>Obtenir un site tr\u00e8s performant et \u00eatre dans les premiers r\u00e9sultats de Google.<\/p>\n<\/div>\n<\/div>\n\n\n\n<div class=\"wp-block-group is-style-shift-left-small has-base-color has-accent-2-background-color has-text-color has-background has-link-color has-small-font-size wp-elements-88cded1626d135e8722aade8b8b78ab5 is-layout-flow wp-block-group-is-layout-flow\" style=\"border-top-left-radius:30px;border-top-right-radius:30px;border-bottom-left-radius:0px;border-bottom-right-radius:30px;min-height:300px;margin-top:var(--wp--preset--spacing--50);margin-bottom:var(--wp--preset--spacing--50);padding-top:var(--wp--preset--spacing--60);padding-right:var(--wp--preset--spacing--60);padding-bottom:var(--wp--preset--spacing--60);padding-left:var(--wp--preset--spacing--60);font-style:normal;font-weight:700\">\n<div class=\"wp-block-group is-layout-flow wp-container-core-group-is-layout-19eabfb7 wp-block-group-is-layout-flow\">\n<p class=\"has-accent-3-color has-text-color has-link-color has-medium-font-size wp-elements-bc692b1471b15a0fe257d76f3d7b05c5\">DESIGN GRAPHIQUE<\/p>\n\n\n\n<p class=\"has-accent-3-color has-text-color has-link-color has-medium-font-size wp-elements-970ca0378cfbb0366110c47be13bce6c\">L&#8217;identit\u00e9 graphique de votre Entreprise<\/p>\n\n\n\n<p class=\"has-medium-font-size\">Nous portons un int\u00e9r\u00eat particulier au design et \u00e0 l&#8217;esth\u00e9tique de nos travaux.<br>Ce travail se fait en \u00e9troite collaboration avec vous<br>pour repr\u00e9senter au mieux votre image et vos valeurs.<\/p>\n\n\n\n<p class=\"has-medium-font-size\">Une interface utilisateur fonctionnelle avec un aspect esth\u00e9tique int\u00e9ressant forme le Design.<br>Le but \u00e9tant de permettre au plus grand nombre de pouvoir utiliser des services complexes.<br>Notre objectif : obtenir une exp\u00e9rience utilisateur ultra fluide.<\/p>\n<\/div>\n<\/div>\n\n\n\n<div class=\"wp-block-group is-style-shift-right-small has-base-color has-accent-2-background-color has-text-color has-background has-link-color has-small-font-size wp-elements-fcc464cf0b446a3d40581fc01d2138e4 is-layout-flow wp-container-core-group-is-layout-a09fd37d wp-block-group-is-layout-flow\" style=\"border-top-left-radius:30px;border-top-right-radius:30px;border-bottom-left-radius:0px;border-bottom-right-radius:30px;min-height:300px;margin-top:var(--wp--preset--spacing--50);margin-bottom:var(--wp--preset--spacing--50);padding-top:var(--wp--preset--spacing--60);padding-right:var(--wp--preset--spacing--60);padding-bottom:var(--wp--preset--spacing--60);padding-left:var(--wp--preset--spacing--60);font-style:normal;font-weight:700\">\n<div class=\"wp-block-group is-layout-flow wp-container-core-group-is-layout-19eabfb7 wp-block-group-is-layout-flow\">\n<p class=\"is-style-default has-accent-3-color has-text-color has-link-color has-medium-font-size wp-elements-fef77c9649125faa2ab113d6c815783d\">MARKETING<br>L&#8217;\u00e9cosyst\u00e8me digitale de votre Entreprise<\/p>\n\n\n\n<p class=\"has-medium-font-size\">Nous cr\u00e9ons et d\u00e9clinons votre identit\u00e9 sur tous vos supports de communications:<br>&#8211; Gestion et contribution du contenu<br>&#8211; Publicit\u00e9 (Cr\u00e9ation design flyers, cartes de visite, affiches, banni\u00e8res)<br>&#8211; Gestion des r\u00e9seaux sociaux<br>&#8211; Op\u00e9ration marketing<\/p>\n<\/div>\n<\/div>\n\n\n\n<ul class=\"wp-block-list\"><\/ul>\n\n\n\n<ul class=\"wp-block-list\"><\/ul>\n","protected":false},"excerpt":{"rendered":"<p>Votre partenaire unique pour tous vos besoins DEVELOPPEMENT D\u00e9veloppement d&#8217;application et de sites Web Nous vous guiderons dans votre projet de site internet en utilisant les technologies et les m\u00e9thodes les pertinentes et les plus efficaces :&#8211; D\u00e9veloppement Web ( React js, Vue js, PHP )&#8211; Utilisation et Gestion de CMS ( WordPress ) Que [&hellip;]<\/p>\n","protected":false},"author":1,"featured_media":0,"parent":0,"menu_order":0,"comment_status":"closed","ping_status":"closed","template":"","meta":{"footnotes":""},"class_list":["post-10","page","type-page","status-publish","hentry"],"_links":{"self":[{"href":"https:\/\/www.servicesduweb.fr\/index.php\/wp-json\/wp\/v2\/pages\/10","targetHints":{"allow":["GET"]}}],"collection":[{"href":"https:\/\/www.servicesduweb.fr\/index.php\/wp-json\/wp\/v2\/pages"}],"about":[{"href":"https:\/\/www.servicesduweb.fr\/index.php\/wp-json\/wp\/v2\/types\/page"}],"author":[{"embeddable":true,"href":"https:\/\/www.servicesduweb.fr\/index.php\/wp-json\/wp\/v2\/users\/1"}],"replies":[{"embeddable":true,"href":"https:\/\/www.servicesduweb.fr\/index.php\/wp-json\/wp\/v2\/comments?post=10"}],"version-history":[{"count":15,"href":"https:\/\/www.servicesduweb.fr\/index.php\/wp-json\/wp\/v2\/pages\/10\/revisions"}],"predecessor-version":[{"id":130,"href":"https:\/\/www.servicesduweb.fr\/index.php\/wp-json\/wp\/v2\/pages\/10\/revisions\/130"}],"wp:attachment":[{"href":"https:\/\/www.servicesduweb.fr\/index.php\/wp-json\/wp\/v2\/media?parent=10"}],"curies":[{"name":"wp","href":"https:\/\/api.w.org\/{rel}","templated":true}]}}