{"id":75,"date":"2026-01-12T22:59:48","date_gmt":"2026-01-12T21:59:48","guid":{"rendered":"https:\/\/www.servicesduweb.fr\/?page_id=75"},"modified":"2026-01-13T17:29:11","modified_gmt":"2026-01-13T16:29:11","slug":"contact","status":"publish","type":"page","link":"https:\/\/www.servicesduweb.fr\/index.php\/contact\/","title":{"rendered":"CONTACT"},"content":{"rendered":"\n<p class=\"has-accent-3-color has-text-color has-link-color wp-elements-13f2a1643f089eaa8dcab68210a72081\"><em>Vous souhaitez une information sur nos services, envoyez-nous un mail avec vos coordonn\u00e9es ainsi que votre num\u00e9ro de t\u00e9l\u00e9phone. Nous vous recontacterons dans les plus brefs d\u00e9lais.<\/em><\/p>\n\n\n<style id=\"wpforms-css-vars-80-block-178773e4-03a5-4d37-a927-456f3d46a722\">\n\t\t\t\t#wpforms-80.wpforms-block-178773e4-03a5-4d37-a927-456f3d46a722 {\n\t\t\t\t--wpforms-label-color: #2d2359;\n--wpforms-button-background-color: #ff6839;\n--wpforms-field-size-input-height: 43px;\n--wpforms-field-size-input-spacing: 15px;\n--wpforms-field-size-font-size: 16px;\n--wpforms-field-size-line-height: 19px;\n--wpforms-field-size-padding-h: 14px;\n--wpforms-field-size-checkbox-size: 16px;\n--wpforms-field-size-sublabel-spacing: 5px;\n--wpforms-field-size-icon-size: 1;\n--wpforms-label-size-font-size: 16px;\n--wpforms-label-size-line-height: 19px;\n--wpforms-label-size-sublabel-font-size: 14px;\n--wpforms-label-size-sublabel-line-height: 17px;\n--wpforms-button-size-font-size: 17px;\n--wpforms-button-size-height: 41px;\n--wpforms-button-size-padding-h: 15px;\n--wpforms-button-size-margin-top: 10px;\n\t\t\t}\n\t\t\t<\/style><div class=\"wpforms-container wpforms-container-full wpforms-block wpforms-block-178773e4-03a5-4d37-a927-456f3d46a722 wpforms-render-modern\" id=\"wpforms-80\"><form id=\"wpforms-form-80\" class=\"wpforms-validate wpforms-form wpforms-ajax-form\" data-formid=\"80\" method=\"post\" enctype=\"multipart\/form-data\" action=\"\/index.php\/wp-json\/wp\/v2\/pages\/75\" data-token=\"002d17112fa76903f58918c3c6e7e375\" data-token-time=\"1776692838\"><noscript class=\"wpforms-error-noscript\">Please enable JavaScript in your browser to complete this form.<\/noscript><div id=\"wpforms-error-noscript\" style=\"display: none;\">Please enable JavaScript in your browser to complete this form.<\/div><div class=\"wpforms-field-container\"><div id=\"wpforms-80-field_1-container\" class=\"wpforms-field wpforms-field-name\" data-field-id=\"1\"><fieldset><legend class=\"wpforms-field-label\">Nom <span class=\"wpforms-required-label\" aria-hidden=\"true\">*<\/span><\/legend><div class=\"wpforms-field-row wpforms-field-large\"><div class=\"wpforms-field-row-block wpforms-first wpforms-one-half\"><input type=\"text\" id=\"wpforms-80-field_1\" class=\"wpforms-field-name-first wpforms-field-required\" name=\"wpforms[fields][1][first]\" placeholder=\"Nom\" aria-errormessage=\"wpforms-80-field_1-error\" required><label for=\"wpforms-80-field_1\" class=\"wpforms-field-sublabel after wpforms-sublabel-hide\">First<\/label><\/div><div class=\"wpforms-field-row-block wpforms-one-half\"><input type=\"text\" id=\"wpforms-80-field_1-last\" class=\"wpforms-field-name-last wpforms-field-required\" name=\"wpforms[fields][1][last]\" placeholder=\"Pr\u00e9nom\" aria-errormessage=\"wpforms-80-field_1-last-error\" required><label for=\"wpforms-80-field_1-last\" class=\"wpforms-field-sublabel after wpforms-sublabel-hide\">Last<\/label><\/div><\/div><\/fieldset><\/div>\t\t<div id=\"wpforms-80-field_4-container\"\n\t\t\tclass=\"wpforms-field wpforms-field-text\"\n\t\t\tdata-field-type=\"text\"\n\t\t\tdata-field-id=\"4\"\n\t\t\t>\n\t\t\t<label class=\"wpforms-field-label\" for=\"wpforms-80-field_4\" >Votre Nom Message<\/label>\n\t\t\t<input type=\"text\" id=\"wpforms-80-field_4\" class=\"wpforms-field-medium\" name=\"wpforms[fields][4]\" >\n\t\t<\/div>\n\t\t<div id=\"wpforms-80-field_2-container\" class=\"wpforms-field wpforms-field-email\" data-field-id=\"2\"><label class=\"wpforms-field-label\" for=\"wpforms-80-field_2\">Email <span class=\"wpforms-required-label\" aria-hidden=\"true\">*<\/span><\/label><input type=\"email\" id=\"wpforms-80-field_2\" class=\"wpforms-field-medium wpforms-field-required\" name=\"wpforms[fields][2]\" spellcheck=\"false\" aria-errormessage=\"wpforms-80-field_2-error\" required><\/div><div id=\"wpforms-80-field_3-container\" class=\"wpforms-field wpforms-field-textarea\" data-field-id=\"3\"><label class=\"wpforms-field-label\" for=\"wpforms-80-field_3\">Votre Message<\/label><textarea id=\"wpforms-80-field_3\" class=\"wpforms-field-medium\" name=\"wpforms[fields][3]\" aria-errormessage=\"wpforms-80-field_3-error\" ><\/textarea><\/div><script>\n\t\t\t\t( function() {\n\t\t\t\t\tconst style = document.createElement( 'style' );\n\t\t\t\t\tstyle.appendChild( document.createTextNode( '#wpforms-80-field_4-container { position: absolute !important; overflow: hidden !important; display: inline !important; height: 1px !important; width: 1px !important; z-index: -1000 !important; padding: 0 !important; } #wpforms-80-field_4-container input { visibility: hidden; } #wpforms-conversational-form-page #wpforms-80-field_4-container label { counter-increment: none; }' ) );\n\t\t\t\t\tdocument.head.appendChild( style );\n\t\t\t\t\tdocument.currentScript?.remove();\n\t\t\t\t} )();\n\t\t\t<\/script><\/div><!-- .wpforms-field-container --><div class=\"wpforms-submit-container\" ><input type=\"hidden\" name=\"wpforms[id]\" value=\"80\"><input type=\"hidden\" name=\"page_title\" value=\"\"><input type=\"hidden\" name=\"page_url\" value=\"https:\/\/www.servicesduweb.fr\/index.php\/wp-json\/wp\/v2\/pages\/75\"><input type=\"hidden\" name=\"url_referer\" value=\"\"><button type=\"submit\" name=\"wpforms[submit]\" id=\"wpforms-submit-80\" class=\"wpforms-submit\" data-alt-text=\"envoyer...\" data-submit-text=\"Envoyer\" aria-live=\"assertive\" value=\"wpforms-submit\">Envoyer<\/button><img loading=\"lazy\" decoding=\"async\" src=\"https:\/\/www.servicesduweb.fr\/wp-content\/plugins\/wpforms-lite\/assets\/images\/submit-spin.svg\" class=\"wpforms-submit-spinner\" style=\"display: none;\" width=\"26\" height=\"26\" alt=\"Loading\"><\/div><\/form><\/div>  <!-- .wpforms-container -->","protected":false},"excerpt":{"rendered":"<p>Vous souhaitez une information sur nos services, envoyez-nous un mail avec vos coordonn\u00e9es ainsi que votre num\u00e9ro de t\u00e9l\u00e9phone. Nous vous recontacterons dans les plus brefs d\u00e9lais.<\/p>\n","protected":false},"author":1,"featured_media":0,"parent":0,"menu_order":0,"comment_status":"closed","ping_status":"closed","template":"","meta":{"footnotes":""},"class_list":["post-75","page","type-page","status-publish","hentry"],"_links":{"self":[{"href":"https:\/\/www.servicesduweb.fr\/index.php\/wp-json\/wp\/v2\/pages\/75","targetHints":{"allow":["GET"]}}],"collection":[{"href":"https:\/\/www.servicesduweb.fr\/index.php\/wp-json\/wp\/v2\/pages"}],"about":[{"href":"https:\/\/www.servicesduweb.fr\/index.php\/wp-json\/wp\/v2\/types\/page"}],"author":[{"embeddable":true,"href":"https:\/\/www.servicesduweb.fr\/index.php\/wp-json\/wp\/v2\/users\/1"}],"replies":[{"embeddable":true,"href":"https:\/\/www.servicesduweb.fr\/index.php\/wp-json\/wp\/v2\/comments?post=75"}],"version-history":[{"count":4,"href":"https:\/\/www.servicesduweb.fr\/index.php\/wp-json\/wp\/v2\/pages\/75\/revisions"}],"predecessor-version":[{"id":112,"href":"https:\/\/www.servicesduweb.fr\/index.php\/wp-json\/wp\/v2\/pages\/75\/revisions\/112"}],"wp:attachment":[{"href":"https:\/\/www.servicesduweb.fr\/index.php\/wp-json\/wp\/v2\/media?parent=75"}],"curies":[{"name":"wp","href":"https:\/\/api.w.org\/{rel}","templated":true}]}}